{"id":17,"date":"2025-01-31T13:41:51","date_gmt":"2025-01-31T13:41:51","guid":{"rendered":"http:\/\/energie-im-fuss.ch\/?page_id=17"},"modified":"2025-02-03T21:23:29","modified_gmt":"2025-02-03T21:23:29","slug":"astrologische-beratung","status":"publish","type":"page","link":"https:\/\/energie-im-fuss.ch\/?page_id=17","title":{"rendered":"Astrologische Beratung"},"content":{"rendered":"\n<p><strong>Das Schicksal steht nicht&nbsp;fix in den Sternen; ich mache keine Prophezeiungen!<\/strong><\/p>\n\n\n\n<p>Die individuellen Anlagen und Entwicklungsm\u00f6glichkeiten k\u00f6nnen mit Hilfe der astrologischen Tiefenpsychologie heraus gearbeitet werden, welche es erm\u00f6glichen, eigene Interessen, Neigungen, Bed\u00fcrfnisse, Begabungen und Potenziale zu entdecken, sowie die Zeitqualit\u00e4t mit den m\u00f6glichen Herausforderungen besser zu verstehen und dementsprechend zu handeln. Gerade in Umbruch\/Krisenzeiten werden solche Fragen wie der Sinn in unserem DASEIN wichtig, vielleicht fehlt etwas Wesentliches, wir sind unzufrieden und nicht erf\u00fcllt.<\/p>\n\n\n\n<p><strong>Was braucht es f\u00fcr eine Horoskopbesprechung?<\/strong><\/p>\n\n\n\n<ul class=\"wp-block-list\">\n<li>genaue Geburtszeit (kann beim Zivilstandsamt nachgefragt werden)<\/li>\n\n\n\n<li>Geburtsdatum<\/li>\n\n\n\n<li>Geburtsort<\/li>\n<\/ul>\n\n\n\n<p>In einer Horoskopbesprechung geht es vor allem darum, die Freiheit zu vergr\u00f6ssern und bewusste Entscheidungen zu treffen. Im gemeinsamen Gespr\u00e4ch decken wir auf, was der momentane Alterspunkt an Enwicklungsm\u00f6glichkeiten bereit h\u00e4lt.<\/p>\n\n\n\n<p><\/p>\n","protected":false},"excerpt":{"rendered":"<p>Das Schicksal steht nicht&nbsp;fix in den Sternen; ich mache keine Prophezeiungen! Die individuellen Anlagen und Entwicklungsm\u00f6glichkeiten k\u00f6nnen mit Hilfe der [&hellip;]<\/p>\n","protected":false},"author":2,"featured_media":0,"parent":0,"menu_order":0,"comment_status":"closed","ping_status":"closed","template":"","meta":{"site-sidebar-layout":"default","site-content-layout":"","ast-site-content-layout":"default","site-content-style":"default","site-sidebar-style":"default","ast-global-header-display":"","ast-banner-title-visibility":"","ast-main-header-display":"","ast-hfb-above-header-display":"","ast-hfb-below-header-display":"","ast-hfb-mobile-header-display":"","site-post-title":"","ast-breadcrumbs-content":"","ast-featured-img":"","footer-sml-layout":"","ast-disable-related-posts":"","theme-transparent-header-meta":"","adv-header-id-meta":"","stick-header-meta":"","header-above-stick-meta":"","header-main-stick-meta":"","header-below-stick-meta":"","astra-migrate-meta-layouts":"default","ast-page-background-enabled":"default","ast-page-background-meta":{"desktop":{"background-color":"var(--ast-global-color-5)","background-image":"","background-repeat":"repeat","background-position":"center center","background-size":"auto","background-attachment":"scroll","background-type":"","background-media":"","overlay-type":"","overlay-color":"","overlay-opacity":"","overlay-gradient":""},"tablet":{"background-color":"","background-image":"","background-repeat":"repeat","background-position":"center center","background-size":"auto","background-attachment":"scroll","background-type":"","background-media":"","overlay-type":"","overlay-color":"","overlay-opacity":"","overlay-gradient":""},"mobile":{"background-color":"","background-image":"","background-repeat":"repeat","background-position":"center center","background-size":"auto","background-attachment":"scroll","background-type":"","background-media":"","overlay-type":"","overlay-color":"","overlay-opacity":"","overlay-gradient":""}},"ast-content-background-meta":{"desktop":{"background-color":"var(--ast-global-color-4)","background-image":"","background-repeat":"repeat","background-position":"center center","background-size":"auto","background-attachment":"scroll","background-type":"","background-media":"","overlay-type":"","overlay-color":"","overlay-opacity":"","overlay-gradient":""},"tablet":{"background-color":"var(--ast-global-color-4)","background-image":"","background-repeat":"repeat","background-position":"center center","background-size":"auto","background-attachment":"scroll","background-type":"","background-media":"","overlay-type":"","overlay-color":"","overlay-opacity":"","overlay-gradient":""},"mobile":{"background-color":"var(--ast-global-color-4)","background-image":"","background-repeat":"repeat","background-position":"center center","background-size":"auto","background-attachment":"scroll","background-type":"","background-media":"","overlay-type":"","overlay-color":"","overlay-opacity":"","overlay-gradient":""}},"footnotes":""},"class_list":["post-17","page","type-page","status-publish","hentry"],"_links":{"self":[{"href":"https:\/\/energie-im-fuss.ch\/index.php?rest_route=\/wp\/v2\/pages\/17","targetHints":{"allow":["GET"]}}],"collection":[{"href":"https:\/\/energie-im-fuss.ch\/index.php?rest_route=\/wp\/v2\/pages"}],"about":[{"href":"https:\/\/energie-im-fuss.ch\/index.php?rest_route=\/wp\/v2\/types\/page"}],"author":[{"embeddable":true,"href":"https:\/\/energie-im-fuss.ch\/index.php?rest_route=\/wp\/v2\/users\/2"}],"replies":[{"embeddable":true,"href":"https:\/\/energie-im-fuss.ch\/index.php?rest_route=%2Fwp%2Fv2%2Fcomments&post=17"}],"version-history":[{"count":2,"href":"https:\/\/energie-im-fuss.ch\/index.php?rest_route=\/wp\/v2\/pages\/17\/revisions"}],"predecessor-version":[{"id":58,"href":"https:\/\/energie-im-fuss.ch\/index.php?rest_route=\/wp\/v2\/pages\/17\/revisions\/58"}],"wp:attachment":[{"href":"https:\/\/energie-im-fuss.ch\/index.php?rest_route=%2Fwp%2Fv2%2Fmedia&parent=17"}],"curies":[{"name":"wp","href":"https:\/\/api.w.org\/{rel}","templated":true}]}}