{"id":2,"date":"2016-05-10T03:48:21","date_gmt":"2016-05-10T03:48:21","guid":{"rendered":"http:\/\/energie-im-fuss.ch\/?page_id=2"},"modified":"2025-02-05T16:27:57","modified_gmt":"2025-02-05T16:27:57","slug":"sample-page","status":"publish","type":"page","link":"https:\/\/energie-im-fuss.ch\/?page_id=2","title":{"rendered":"Klangmassage"},"content":{"rendered":"\n<p>Die wohltuenden Kl\u00e4nge der Schalen harmonisieren unseren K\u00f6rper und regen unsere Zellen und Organe zur Selbstheilung an. Tiefe Entspannung kann sich einstellen. Es ist auch m\u00f6glich, dass (alte) Emotionen oder Energieblockaden ins Bewusstsein kommen, um nochmals gef\u00fchlt und gesehen zu werden.\u00a0Kl\u00e4nge k\u00f6nnen neue R\u00e4ume \u00f6ffnen.<\/p>\n\n\n\n<p>Wenn der Zeitpunkt reif ist, kann sich vieles transformieren und Energie befreien.<\/p>\n\n\n\n<p>&#8211; lasse dich ber\u00fchren von den Kl\u00e4ngen<\/p>\n\n\n\n<p>&#8211; lasse dich durch deine K\u00f6rper tragen<\/p>\n\n\n\n<p>&#8211; dehne dich in deine wahre Gr\u00f6sse aus<\/p>\n\n\n\n<p>&#8211; sei offen und entdecke dich auf eine neue Art<\/p>\n\n\n\n<p>&#8211; komme ganz in deinem Inneren an<\/p>\n\n\n\n<p>&#8211; aktiviere deine Selbstheilung bis auf Zellebene<\/p>\n\n\n\n<p>&#8211; bringe dein Herz zum leuchten<\/p>\n\n\n\n<p><strong>Ablauf:<\/strong><\/p>\n\n\n\n<p>&#8211; Vorgespr\u00e4ch<\/p>\n\n\n\n<p>&#8211; Massage auf Klangliege mit Klangschalen<\/p>\n\n\n\n<p>&#8211; Nachruhe<\/p>\n\n\n\n<p>&#8211; Nachgespr\u00e4ch<\/p>\n\n\n\n<p><\/p>\n","protected":false},"excerpt":{"rendered":"<p>Die wohltuenden Kl\u00e4nge der Schalen harmonisieren unseren K\u00f6rper und regen unsere Zellen und Organe zur Selbstheilung an. Tiefe Entspannung kann [&hellip;]<\/p>\n","protected":false},"author":2,"featured_media":0,"parent":0,"menu_order":0,"comment_status":"closed","ping_status":"closed","template":"","meta":{"site-sidebar-layout":"default","site-content-layout":"","ast-site-content-layout":"default","site-content-style":"default","site-sidebar-style":"default","ast-global-header-display":"","ast-banner-title-visibility":"","ast-main-header-display":"","ast-hfb-above-header-display":"","ast-hfb-below-header-display":"","ast-hfb-mobile-header-display":"","site-post-title":"","ast-breadcrumbs-content":"","ast-featured-img":"","footer-sml-layout":"","ast-disable-related-posts":"","theme-transparent-header-meta":"","adv-header-id-meta":"","stick-header-meta":"","header-above-stick-meta":"","header-main-stick-meta":"","header-below-stick-meta":"","astra-migrate-meta-layouts":"default","ast-page-background-enabled":"default","ast-page-background-meta":{"desktop":{"background-color":"var(--ast-global-color-5)","background-image":"","background-repeat":"repeat","background-position":"center center","background-size":"auto","background-attachment":"scroll","background-type":"","background-media":"","overlay-type":"","overlay-color":"","overlay-opacity":"","overlay-gradient":""},"tablet":{"background-color":"","background-image":"","background-repeat":"repeat","background-position":"center center","background-size":"auto","background-attachment":"scroll","background-type":"","background-media":"","overlay-type":"","overlay-color":"","overlay-opacity":"","overlay-gradient":""},"mobile":{"background-color":"","background-image":"","background-repeat":"repeat","background-position":"center center","background-size":"auto","background-attachment":"scroll","background-type":"","background-media":"","overlay-type":"","overlay-color":"","overlay-opacity":"","overlay-gradient":""}},"ast-content-background-meta":{"desktop":{"background-color":"var(--ast-global-color-4)","background-image":"","background-repeat":"repeat","background-position":"center center","background-size":"auto","background-attachment":"scroll","background-type":"","background-media":"","overlay-type":"","overlay-color":"","overlay-opacity":"","overlay-gradient":""},"tablet":{"background-color":"var(--ast-global-color-4)","background-image":"","background-repeat":"repeat","background-position":"center center","background-size":"auto","background-attachment":"scroll","background-type":"","background-media":"","overlay-type":"","overlay-color":"","overlay-opacity":"","overlay-gradient":""},"mobile":{"background-color":"var(--ast-global-color-4)","background-image":"","background-repeat":"repeat","background-position":"center center","background-size":"auto","background-attachment":"scroll","background-type":"","background-media":"","overlay-type":"","overlay-color":"","overlay-opacity":"","overlay-gradient":""}},"footnotes":""},"class_list":["post-2","page","type-page","status-publish","hentry"],"_links":{"self":[{"href":"https:\/\/energie-im-fuss.ch\/index.php?rest_route=\/wp\/v2\/pages\/2","targetHints":{"allow":["GET"]}}],"collection":[{"href":"https:\/\/energie-im-fuss.ch\/index.php?rest_route=\/wp\/v2\/pages"}],"about":[{"href":"https:\/\/energie-im-fuss.ch\/index.php?rest_route=\/wp\/v2\/types\/page"}],"author":[{"embeddable":true,"href":"https:\/\/energie-im-fuss.ch\/index.php?rest_route=\/wp\/v2\/users\/2"}],"replies":[{"embeddable":true,"href":"https:\/\/energie-im-fuss.ch\/index.php?rest_route=%2Fwp%2Fv2%2Fcomments&post=2"}],"version-history":[{"count":4,"href":"https:\/\/energie-im-fuss.ch\/index.php?rest_route=\/wp\/v2\/pages\/2\/revisions"}],"predecessor-version":[{"id":109,"href":"https:\/\/energie-im-fuss.ch\/index.php?rest_route=\/wp\/v2\/pages\/2\/revisions\/109"}],"wp:attachment":[{"href":"https:\/\/energie-im-fuss.ch\/index.php?rest_route=%2Fwp%2Fv2%2Fmedia&parent=2"}],"curies":[{"name":"wp","href":"https:\/\/api.w.org\/{rel}","templated":true}]}}