{"id":75,"date":"2025-02-03T21:53:33","date_gmt":"2025-02-03T21:53:33","guid":{"rendered":"https:\/\/energie-im-fuss.ch\/?page_id=75"},"modified":"2025-02-03T21:54:12","modified_gmt":"2025-02-03T21:54:12","slug":"psychozon-massage","status":"publish","type":"page","link":"https:\/\/energie-im-fuss.ch\/?page_id=75","title":{"rendered":"Psychozon Massage"},"content":{"rendered":"\n<p>Bei dieser Art Massage wird auf der Fussunterseite mit sehr feinem Druck gearbeitet.<\/p>\n\n\n\n<p>Die empfindlichen Nervenenden in den oberen Hautschichten nehmen diese Ber\u00fchrungen wahr und leiten die dabei entstehenden Energien in die tieferen Schichten und die zu ihnen geh\u00f6renden Organe und Gewebe. Von dort werden sie zum Gehirn weitergeleitet und das Unterbewusstsein wird angeregt. Dadurch k\u00f6nnen alle Arten der dort blockierten Probleme ins Bewusstsein kommen um verarbeitet und gel\u00f6st zu werden, dies passiert oft auch \u00fcber Tr\u00e4ume. Diese Massage kann tiefgreifende Auswirkungen haben. Die behandelte Person nimmt meist eine Erleichterung, wohliges Empfinden sowie tiefe Entspannung wahr.<\/p>\n\n\n\n<p><strong>Positive Ver\u00e4nderungen bei:<\/strong><\/p>\n\n\n\n<ul class=\"wp-block-list\">\n<li><strong>Schlafst\u00f6rungen<\/strong><\/li>\n\n\n\n<li><strong>Angstzust\u00e4nde, auch Pr\u00fcfungsangst, Unsicherheit<\/strong><\/li>\n\n\n\n<li><strong>klimakterische Beschwerden<\/strong><\/li>\n\n\n\n<li><strong>Stress<\/strong><\/li>\n\n\n\n<li><strong>Alkohol und andere S\u00fcchte<\/strong><\/li>\n\n\n\n<li><strong>depressive Neigung<\/strong><\/li>\n\n\n\n<li><strong>k\u00f6rperliche und seelische Schw\u00e4chezust\u00e4nde<\/strong><\/li>\n\n\n\n<li><strong>Konzentrationsmangel<\/strong><\/li>\n<\/ul>\n\n\n\n<p><\/p>\n","protected":false},"excerpt":{"rendered":"<p>Bei dieser Art Massage wird auf der Fussunterseite mit sehr feinem Druck gearbeitet. Die empfindlichen Nervenenden in den oberen Hautschichten [&hellip;]<\/p>\n","protected":false},"author":2,"featured_media":0,"parent":8,"menu_order":0,"comment_status":"closed","ping_status":"closed","template":"","meta":{"site-sidebar-layout":"default","site-content-layout":"","ast-site-content-layout":"default","site-content-style":"default","site-sidebar-style":"default","ast-global-header-display":"","ast-banner-title-visibility":"","ast-main-header-display":"","ast-hfb-above-header-display":"","ast-hfb-below-header-display":"","ast-hfb-mobile-header-display":"","site-post-title":"","ast-breadcrumbs-content":"","ast-featured-img":"","footer-sml-layout":"","ast-disable-related-posts":"","theme-transparent-header-meta":"","adv-header-id-meta":"","stick-header-meta":"","header-above-stick-meta":"","header-main-stick-meta":"","header-below-stick-meta":"","astra-migrate-meta-layouts":"default","ast-page-background-enabled":"default","ast-page-background-meta":{"desktop":{"background-color":"var(--ast-global-color-5)","background-image":"","background-repeat":"repeat","background-position":"center center","background-size":"auto","background-attachment":"scroll","background-type":"","background-media":"","overlay-type":"","overlay-color":"","overlay-opacity":"","overlay-gradient":""},"tablet":{"background-color":"","background-image":"","background-repeat":"repeat","background-position":"center center","background-size":"auto","background-attachment":"scroll","background-type":"","background-media":"","overlay-type":"","overlay-color":"","overlay-opacity":"","overlay-gradient":""},"mobile":{"background-color":"","background-image":"","background-repeat":"repeat","background-position":"center center","background-size":"auto","background-attachment":"scroll","background-type":"","background-media":"","overlay-type":"","overlay-color":"","overlay-opacity":"","overlay-gradient":""}},"ast-content-background-meta":{"desktop":{"background-color":"var(--ast-global-color-4)","background-image":"","background-repeat":"repeat","background-position":"center center","background-size":"auto","background-attachment":"scroll","background-type":"","background-media":"","overlay-type":"","overlay-color":"","overlay-opacity":"","overlay-gradient":""},"tablet":{"background-color":"var(--ast-global-color-4)","background-image":"","background-repeat":"repeat","background-position":"center center","background-size":"auto","background-attachment":"scroll","background-type":"","background-media":"","overlay-type":"","overlay-color":"","overlay-opacity":"","overlay-gradient":""},"mobile":{"background-color":"var(--ast-global-color-4)","background-image":"","background-repeat":"repeat","background-position":"center center","background-size":"auto","background-attachment":"scroll","background-type":"","background-media":"","overlay-type":"","overlay-color":"","overlay-opacity":"","overlay-gradient":""}},"footnotes":""},"class_list":["post-75","page","type-page","status-publish","hentry"],"_links":{"self":[{"href":"https:\/\/energie-im-fuss.ch\/index.php?rest_route=\/wp\/v2\/pages\/75","targetHints":{"allow":["GET"]}}],"collection":[{"href":"https:\/\/energie-im-fuss.ch\/index.php?rest_route=\/wp\/v2\/pages"}],"about":[{"href":"https:\/\/energie-im-fuss.ch\/index.php?rest_route=\/wp\/v2\/types\/page"}],"author":[{"embeddable":true,"href":"https:\/\/energie-im-fuss.ch\/index.php?rest_route=\/wp\/v2\/users\/2"}],"replies":[{"embeddable":true,"href":"https:\/\/energie-im-fuss.ch\/index.php?rest_route=%2Fwp%2Fv2%2Fcomments&post=75"}],"version-history":[{"count":1,"href":"https:\/\/energie-im-fuss.ch\/index.php?rest_route=\/wp\/v2\/pages\/75\/revisions"}],"predecessor-version":[{"id":76,"href":"https:\/\/energie-im-fuss.ch\/index.php?rest_route=\/wp\/v2\/pages\/75\/revisions\/76"}],"up":[{"embeddable":true,"href":"https:\/\/energie-im-fuss.ch\/index.php?rest_route=\/wp\/v2\/pages\/8"}],"wp:attachment":[{"href":"https:\/\/energie-im-fuss.ch\/index.php?rest_route=%2Fwp%2Fv2%2Fmedia&parent=75"}],"curies":[{"name":"wp","href":"https:\/\/api.w.org\/{rel}","templated":true}]}}